{"id":2,"date":"2023-02-17T17:58:06","date_gmt":"2023-02-17T16:58:06","guid":{"rendered":"https:\/\/spolecnevzdelavani.upol.cz\/pdf-portal-vzdelavani\/?page_id=2"},"modified":"2025-03-06T16:07:51","modified_gmt":"2025-03-06T15:07:51","slug":"zkusebni-stranka","status":"publish","type":"page","link":"https:\/\/spolecnevzdelavani.upol.cz\/pdf-portal-vzdelavani\/","title":{"rendered":""},"content":{"rendered":"<div id=\"sekce-formaty-nadpis\" style=\"width:100%; text-align:center;padding:0px;margin:0px;\">\n<h4 class=\"xlp-box-title\" style=\"font-weight: 300;margin:0px;border: 0px #ffffff dotted;background-color:#7d8e71;color:#ffffff;font-family:Dederon-italic;\">Druhy dokument\u016f:<\/h4>\n<\/div>\n<nav class=\"navigace\">\n<ul class=\"navigacni-menu1\">\n<li><a href=\"https:\/\/spolecnevzdelavani.upol.cz\/pdf-portal-vzdelavani\/?cat=25\" aria-label=\"ATLASY\" style=\"text-decoration: none;\">Atlasy<\/a><\/li>\n<li><a href=\"https:\/\/spolecnevzdelavani.upol.cz\/pdf-portal-vzdelavani\/?cat=20\" aria-label=\"KATALOG POSUZOV\u00c1N\u00cd M\u00cdRY SVP\"  style=\"text-decoration: none;\">Katalog posuzov\u00e1n\u00ed<br \/>m\u00edry SVP<\/a><\/li>\n<li><a href=\"https:\/\/spolecnevzdelavani.upol.cz\/pdf-portal-vzdelavani\/?cat=23\" aria-label=\"KATALOG PODP\u016eRN\u00ddCH OPAT\u0158EN\u00cd\"  style=\"text-decoration: none;\">Katalog<br \/>podp\u016frn\u00fdch opat\u0159en\u00ed<\/a><\/li>\n<li><a href=\"https:\/\/spolecnevzdelavani.upol.cz\/pdf-portal-vzdelavani\/?cat=19\" aria-label=\"KARI\u00c9ROV\u00c9 PORADENSTV\u00cd\"  style=\"text-decoration: none;\">Kari\u00e9rov\u00e9<br \/>poradenstv\u00ed<\/a><\/li>\n<li><a href=\"https:\/\/spolecnevzdelavani.upol.cz\/pdf-portal-vzdelavani\/?cat=17\" aria-label=\"METODIKY PR\u00c1CE SE \u017d\u00c1KEM SE SVP\"  style=\"text-decoration: none;\">Metodiky pr\u00e1ce<br \/>se&nbsp;\u017e\u00e1kem se&nbsp;SVP<\/a><\/li>\n<li><a href=\"https:\/\/spolecnevzdelavani.upol.cz\/pdf-portal-vzdelavani\/?cat=18\" aria-label=\"STANDARD PR\u00c1CE AP\"  style=\"text-decoration: none;\">Standard pr\u00e1ce AP<\/a><\/li>\n<li><a href=\"https:\/\/spolecnevzdelavani.upol.cz\/pdf-portal-vzdelavani\/?cat=21\" aria-label=\"ANAL\u00ddZY A N\u00c1VRHY\"  style=\"text-decoration: none;\" >Anal\u00fdzy a n\u00e1vrhy<\/a><\/li>\n<li><a href=\"https:\/\/spolecnevzdelavani.upol.cz\/pdf-portal-vzdelavani\/?cat=24\" aria-label=\"VIDEA\"  style=\"text-decoration: none;\">Videa<\/a><\/li>\n<\/ul>\n<\/nav>\n<nav class=\"navigace\">\n<ul class=\"navigacni-menu2\">\n<img decoding=\"async\" src=\"https:\/\/spolecnevzdelavani.upol.cz\/pdf-portal-vzdelavani\/wp-content\/uploads\/2023\/08\/blank-green.jpg\" style=\"width:100%;height:1px;margin:0px;\"><\/p>\n<ul>\n<div id=\"sekce-postizeni-obecna-nadpis\" style=\"width:100%; text-align:center;background-color:#7d8e71;\">\n<h4 class=\"xlp-box-title\" style=\"font-weight: 300;margin:0px;background-color:#7d8e71;border: 0px #ffffff solid;color:#ffffff;font-family:Dederon-italic;\">Druhy znev\u00fdhodn\u011bn\u00ed:<\/h4>\n<\/div>\n<li id=\"vsechnaznevyhodneni\" style=\"text-orientation: upright;writing-mode: vertical-rr;\"><a href=\"https:\/\/spolecnevzdelavani.upol.cz\/pdf-portal-vzdelavani\/?cat=5\" aria-label=\"OBECN\u00c9 MATERI\u00c1LY\" style=\"background-color:#ffffff;text-decoration: none;\">Obecn\u00e9 materi\u00e1ly<br \/>&#8211;<br -><i style=\"font-size:10px;color:#5D5E60;\">Bez&nbsp;ur\u010den\u00ed znev\u00fdhodn\u011bn\u00ed<\/i><\/a><\/li>\n<li><a href=\"https:\/\/spolecnevzdelavani.upol.cz\/pdf-portal-vzdelavani\/?cat=14\" aria-label=\"SPECIFICK\u00c9 PORUCHY U\u010cEN\u00cd A CHOV\u00c1N\u00cd\" style=\"background-image:url('https:\/\/spolecnevzdelavani.upol.cz\/pdf-portal-vzdelavani\/wp-content\/uploads\/2023\/03\/background-spuch.jpg');text-decoration: none;\" >Specifick\u00e9 poruchy<br \/>u\u010den\u00ed a&nbsp;chov\u00e1n\u00ed<\/a><\/li>\n<li><a href=\"https:\/\/spolecnevzdelavani.upol.cz\/pdf-portal-vzdelavani\/?cat=8\" aria-label=\" \nMENT\u00c1LN\u00cd POSTI\u017dEN\u00cd\" style=\"background-image: url('https:\/\/spolecnevzdelavani.upol.cz\/pdf-portal-vzdelavani\/wp-content\/uploads\/2023\/03\/background-mp.png');text-decoration: none;\" >Ment\u00e1ln\u00ed posti\u017een\u00ed<\/a><\/li>\n<li><a href=\"https:\/\/spolecnevzdelavani.upol.cz\/pdf-portal-vzdelavani\/?cat=12\" aria-label=\"NARU\u0160EN\u00c1 KOMUNIKA\u010cN\u00cd SCHOPNOST\" style=\"background-image: url('https:\/\/spolecnevzdelavani.upol.cz\/pdf-portal-vzdelavani\/wp-content\/uploads\/2023\/03\/background-nks.png');text-decoration: none;\" >Naru\u0161en\u00e1 komunika\u010dn\u00ed schopnost<\/a><\/li>\n<li><a href=\"https:\/\/spolecnevzdelavani.upol.cz\/pdf-portal-vzdelavani\/?cat=15\" aria-label=\"SOCIOKULTURN\u00cd ZNEV\u00ddHODN\u011aN\u00cd\" style=\"background-image: url('https:\/\/spolecnevzdelavani.upol.cz\/pdf-portal-vzdelavani\/wp-content\/uploads\/2023\/03\/background-soc.png');text-decoration: none;\">Sociokulturn\u00ed<br \/>znev\u00fdhodn\u011bn\u00ed<\/a><\/li>\n<li><a href=\"https:\/\/spolecnevzdelavani.upol.cz\/pdf-portal-vzdelavani\/?cat=13\" aria-label=\"PORUCHA AUTISTICK\u00c9HO SPEKTRA\" style=\"background-image: url('https:\/\/spolecnevzdelavani.upol.cz\/pdf-portal-vzdelavani\/wp-content\/uploads\/2023\/03\/background-pas.png');text-decoration: none;\">Porucha autistick\u00e9ho spektra<\/a><\/li>\n<li><a href=\"https:\/\/spolecnevzdelavani.upol.cz\/pdf-portal-vzdelavani\/?cat=10\" aria-label=\"SLUCHOV\u00c9 POSTI\u017dEN\u00cd\" style=\"background-image: url('https:\/\/spolecnevzdelavani.upol.cz\/pdf-portal-vzdelavani\/wp-content\/uploads\/2023\/03\/background-sp.png');text-decoration: none;\">Sluchov\u00e9 posti\u017een\u00ed<\/a><\/li>\n<li><a href=\"https:\/\/spolecnevzdelavani.upol.cz\/pdf-portal-vzdelavani\/?cat=11\" aria-label=\"T\u011aLESN\u00c9 POSTI\u017dEN\u00cd\" style=\"background-image: url('https:\/\/spolecnevzdelavani.upol.cz\/pdf-portal-vzdelavani\/wp-content\/uploads\/2023\/03\/background-tp.png');text-decoration: none;\" >T\u011blesn\u00e9 posti\u017een\u00ed<\/a><\/li>\n<li><a href=\"https:\/\/spolecnevzdelavani.upol.cz\/pdf-portal-vzdelavani\/?cat=9\" aria-label=\"ZRAKOV\u00c9 POSTI\u017dEN\u00cd\" style=\"background-image: url('https:\/\/spolecnevzdelavani.upol.cz\/pdf-portal-vzdelavani\/wp-content\/uploads\/2023\/03\/background-zp.png');text-decoration: none;\">Zrakov\u00e9 posti\u017een\u00ed<\/a><\/li>\n<\/ul>\n<\/nav>\n","protected":false},"excerpt":{"rendered":"<p>Druhy dokument\u016f: Atlasy Katalog posuzov\u00e1n\u00edm\u00edry SVP Katalogpodp\u016frn\u00fdch opat\u0159en\u00ed Kari\u00e9rov\u00e9poradenstv\u00ed Metodiky pr\u00e1cese&nbsp;\u017e\u00e1kem se&nbsp;SVP Standard pr\u00e1ce AP Anal\u00fdzy a n\u00e1vrhy Videa Druhy znev\u00fdhodn\u011bn\u00ed: Obecn\u00e9 materi\u00e1ly&#8211;Bez&nbsp;ur\u010den\u00ed znev\u00fdhodn\u011bn\u00ed Specifick\u00e9 poruchyu\u010den\u00ed a&nbsp;chov\u00e1n\u00ed Ment\u00e1ln\u00ed posti\u017een\u00ed Naru\u0161en\u00e1 komunika\u010dn\u00ed schopnost Sociokulturn\u00edznev\u00fdhodn\u011bn\u00ed Porucha autistick\u00e9ho spektra Sluchov\u00e9 posti\u017een\u00ed T\u011blesn\u00e9 posti\u017een\u00ed Zrakov\u00e9 posti\u017een\u00ed<\/p>\n","protected":false},"author":1,"featured_media":0,"parent":0,"menu_order":0,"comment_status":"closed","ping_status":"open","template":"","meta":{"footnotes":"","_links_to":"","_links_to_target":""},"class_list":["post-2","page","type-page","status-publish","hentry"],"_links":{"self":[{"href":"https:\/\/spolecnevzdelavani.upol.cz\/pdf-portal-vzdelavani\/wp-json\/wp\/v2\/pages\/2","targetHints":{"allow":["GET"]}}],"collection":[{"href":"https:\/\/spolecnevzdelavani.upol.cz\/pdf-portal-vzdelavani\/wp-json\/wp\/v2\/pages"}],"about":[{"href":"https:\/\/spolecnevzdelavani.upol.cz\/pdf-portal-vzdelavani\/wp-json\/wp\/v2\/types\/page"}],"author":[{"embeddable":true,"href":"https:\/\/spolecnevzdelavani.upol.cz\/pdf-portal-vzdelavani\/wp-json\/wp\/v2\/users\/1"}],"replies":[{"embeddable":true,"href":"https:\/\/spolecnevzdelavani.upol.cz\/pdf-portal-vzdelavani\/wp-json\/wp\/v2\/comments?post=2"}],"version-history":[{"count":151,"href":"https:\/\/spolecnevzdelavani.upol.cz\/pdf-portal-vzdelavani\/wp-json\/wp\/v2\/pages\/2\/revisions"}],"predecessor-version":[{"id":9598,"href":"https:\/\/spolecnevzdelavani.upol.cz\/pdf-portal-vzdelavani\/wp-json\/wp\/v2\/pages\/2\/revisions\/9598"}],"wp:attachment":[{"href":"https:\/\/spolecnevzdelavani.upol.cz\/pdf-portal-vzdelavani\/wp-json\/wp\/v2\/media?parent=2"}],"curies":[{"name":"wp","href":"https:\/\/api.w.org\/{rel}","templated":true}]}}