{"id":706,"date":"2023-04-13T11:00:31","date_gmt":"2023-04-13T09:00:31","guid":{"rendered":"https:\/\/spolecnevzdelavani.upol.cz\/pdf-portal-vzdelavani\/?page_id=706"},"modified":"2023-08-31T11:48:17","modified_gmt":"2023-08-31T09:48:17","slug":"o-portalu","status":"publish","type":"page","link":"https:\/\/spolecnevzdelavani.upol.cz\/pdf-portal-vzdelavani\/o-portalu\/","title":{"rendered":"O PORT\u00c1LU"},"content":{"rendered":"<div style=\"color:#ffffff;\">\n<h1 style=\"color:#ffffff;text-align:center;\">O port\u00e1lu<\/h1>\n<p style=\"text-align: justify;\">Vzd\u011bl\u00e1v\u00e1n\u00ed \u017e\u00e1k\u016f se&nbsp;SVP je zaj\u00edmavou sou\u010d\u00e1st\u00ed \u010desk\u00e9ho vzd\u011bl\u00e1vac\u00edho syst\u00e9mu, nebo\u0165 z&nbsp;d\u0159\u00edv\u011bj\u0161\u00ed v\u00fdjimky, tj. ojedin\u011bl\u00e9 integrace \u017e\u00e1k\u016f se zdravotn\u00edm posti\u017een\u00edm v b\u011b\u017en\u00fdch \u0161kol\u00e1ch, se stalo pravidlo. B\u011b\u017en\u00e9 <strong>mate\u0159sk\u00e9, z\u00e1kladn\u00ed \u010di st\u0159edn\u00ed \u0161koly dnes nav\u0161t\u011bvuj\u00ed ji\u017e des\u00edtky tis\u00edc d\u011bt\u00ed \u010di \u017e\u00e1k\u016f se&nbsp;SVP<\/strong>. Jen z\u00e1kladn\u00edch \u0161kol je v \u010cR p\u0159es 4 000, mate\u0159sk\u00fdch \u0161kol je\u0161t\u011b v\u00edce. Nad\u00e1le v\u0161ak m\u00e1me i&nbsp;\u0161koly samostatn\u011b ur\u010den\u00e9 pro \u017e\u00e1ky se&nbsp;SVP, kter\u00fdch je v republice v\u00edce ne\u017e 300. \u017d\u00e1ci se&nbsp;SVP jsou v\u017edy a p\u0159edev\u0161\u00edm jedine\u010dn\u00e9 osobnosti s vlastn\u00edmi pot\u0159ebami, mo\u017enostmi a&nbsp;dovednostmi. St\u00e1le plat\u00ed, \u017ee a\u0165 u\u017e takov\u00e9 d\u00edt\u011b \u010di \u017e\u00e1k nav\u0161t\u011bvuje \u0161kolu b\u011b\u017enou, nebo speci\u00e1ln\u00ed, v\u017edy pot\u0159ebuje <strong>individu\u00e1ln\u00ed p\u0159\u00edstup a spr\u00e1vn\u00e9 nastaven\u00ed podp\u016frn\u00fdch opat\u0159en\u00ed<\/strong>.<\/p>\n<p style=\"text-align: justify;\"><strong>\u00dastav speci\u00e1ln\u011bpedagogick\u00fdch studi\u00ed Pedagogick\u00e9 fakulty Univerzity Palack\u00e9ho v&nbsp;Olomouci <\/strong>je nejv\u011bt\u0161\u00edm pracovi\u0161t\u011bm pregradu\u00e1ln\u00ed p\u0159\u00edpravy odborn\u00edk\u016f pro pr\u00e1ci se&nbsp;\u017e\u00e1ky z&nbsp;c\u00edlov\u00e9 skupiny v&nbsp;\u010cesk\u00e9&nbsp;republice. V posledn\u00edch 15&nbsp;letech jsme za&nbsp;podpory M\u0160MT \u010cR a&nbsp;prost\u0159edk\u016f Evropsk\u00e9ho soci\u00e1ln\u00edho fondu <strong>p\u0159ipravili v\u00edce ne\u017e 150&nbsp;konkr\u00e9tn\u00edch v\u00fdstup\u016f<\/strong>, kter\u00e9 v\u00e1m p\u0159i&nbsp;vzd\u011bl\u00e1v\u00e1n\u00ed \u017e\u00e1k\u016f se&nbsp;SVP mohou pomoci. Vytvo\u0159il je sehran\u00fd t\u00fdm odborn\u00edk\u016f specializuj\u00edc\u00edch se ve&nbsp;sv\u00e9 odborn\u00e9, praktick\u00e9 \u010di v\u00fdukov\u00e9 \u010dinnosti na&nbsp;jednotliv\u00e9 druhy zdravotn\u00edch posti\u017een\u00ed. N\u011bkter\u00e9 v\u00fdstupy jsou naprosto unik\u00e1tn\u00ed a v&nbsp;na\u0161\u00ed republice prvn\u00ed sv\u00e9ho druhu.<\/p>\n<p style=\"text-align: justify;\">Pova\u017eujeme za&nbsp;svou <strong>povinnost zp\u0159\u00edstupnit v\u00fdsledky na\u0161\u00ed mnohalet\u00e9 pr\u00e1ce v\u0161em z\u00e1jemc\u016fm <\/strong> z&nbsp;\u0159ad pedagog\u016f, speci\u00e1ln\u00edch pedagog\u016f, v\u00fdchovn\u00fdch poradc\u016f, odborn\u00fdch pracovn\u00edk\u016f SPC, PPP, ale i&nbsp;laick\u00e9 ve\u0159ejnosti. Av\u0161ak nen\u00ed v&nbsp;na\u0161ich sil\u00e1ch reagovat na&nbsp;\u010dast\u00e9 dotazy a&nbsp;prosby o&nbsp;zasl\u00e1n\u00ed v\u00fdtisku n\u011bkter\u00e9 z&nbsp;vydan\u00fdch publikac\u00ed. P\u0159ehledn\u00e1 nab\u00eddka v\u0161ech na\u0161ich v\u00fdstup\u016f je proto pro&nbsp;z\u00e1jemce p\u0159ipravena na&nbsp;tomto m\u00edst\u011b. Velk\u00e1 \u010d\u00e1st z&nbsp;nich m\u016f\u017ee nyn\u00ed i&nbsp;v&nbsp;budoucnu poslou\u017eit va\u0161im&nbsp;pot\u0159eb\u00e1m.<\/p>\n<p style=\"text-align: justify;\">V\u00e1\u017e\u00edm si toho, \u017ee <strong>na tvorb\u011b v\u00fdstup\u016f s&nbsp;n\u00e1mi spolupracovali nejlep\u0161\u00ed odborn\u00edci <\/strong> ze&nbsp;\u0161kolsk\u00fdch poradensk\u00fdch za\u0159\u00edzen\u00ed, \u0161kol, krajsk\u00fdch \u00fa\u0159ad\u016f a&nbsp;dal\u0161\u00ed. P\u0159i listov\u00e1n\u00ed ka\u017edou ze&nbsp;zde prezentovan\u00fdch publikac\u00ed, p\u0159i&nbsp;zhl\u00e9dnut\u00ed toho \u010di onoho videa si v\u017edy vzpomenu na&nbsp;tv\u016fr\u010d\u00ed diskuse, workshopy, kter\u00e9 p\u0159edch\u00e1zely vytvo\u0159en\u00ed v\u0161ech&nbsp;v\u00fdstup\u016f \u2013 metodik, katalog\u016f, atlas\u016f, anal\u00fdz, n\u00e1vrh\u016f a&nbsp;dal\u0161\u00edch.<\/p>\n<p style=\"text-align: justify;\">V\u0161echny v\u00fdstupy maj\u00ed jedin\u00fd c\u00edl \u2013 slou\u017eit \u017e\u00e1k\u016fm, pedagog\u016fm a&nbsp;rodi\u010d\u016fm d\u011bt\u00ed se&nbsp;SVP a&nbsp;p\u0159isp\u011bt tak ke&nbsp;zlep\u0161en\u00ed podm\u00ednek jejich vzd\u011bl\u00e1v\u00e1n\u00ed v&nbsp;\u010cesk\u00e9&nbsp;republice.<\/p>\n<p style=\"text-align: justify;\">V\u011b\u0159\u00edm, \u017ee prezentovan\u00e9 v\u00fdstupy, je\u017e obsahuj\u00ed \u010dasto jedine\u010dn\u00e1 zji\u0161t\u011bn\u00ed \u010di&nbsp;zaj\u00edmav\u00e9 informace a&nbsp;odr\u00e1\u017eej\u00ed na\u0161e&nbsp;mnohalet\u00e9 zku\u0161enosti se&nbsp;vzd\u011bl\u00e1v\u00e1n\u00edm \u017e\u00e1k\u016f se&nbsp;SVP, zaujmou i v\u00e1s a&nbsp;<strong>budou v\u00e1m ve&nbsp;va\u0161\u00ed praxi p\u0159\u00ednosem \u010di&nbsp;pomocn\u00edkem<\/strong>. Velmi r\u00e1di p\u0159iv\u00edt\u00e1me i&nbsp;va\u0161e&nbsp;n\u00e1m\u011bty a&nbsp;hodnocen\u00ed.<\/p>\n<p style=\"text-align: justify;\">Za v\u0161echny autory p\u0159eje v\u0161e&nbsp;dobr\u00e9<\/p>\n<div id=\"podpis\" style=\"width:250px;text-align:center;float:right;\">\n<p style=\"text-align:center;\">Jan Michal\u00edk<br \/>\u00dastav speci\u00e1ln\u011bpedagogick\u00fdch studi\u00ed<br \/>Pedagogick\u00e1 fakulta<br \/>Univerzita Palack\u00e9ho v&nbsp;Olomouci<\/p>\n<\/div>\n<\/div>\n","protected":false},"excerpt":{"rendered":"<p>O port\u00e1lu Vzd\u011bl\u00e1v\u00e1n\u00ed \u017e\u00e1k\u016f se&nbsp;SVP je zaj\u00edmavou sou\u010d\u00e1st\u00ed \u010desk\u00e9ho vzd\u011bl\u00e1vac\u00edho syst\u00e9mu, nebo\u0165 z&nbsp;d\u0159\u00edv\u011bj\u0161\u00ed v\u00fdjimky, tj. ojedin\u011bl\u00e9 integrace \u017e\u00e1k\u016f se zdravotn\u00edm posti\u017een\u00edm v b\u011b\u017en\u00fdch \u0161kol\u00e1ch, se stalo pravidlo. B\u011b\u017en\u00e9 mate\u0159sk\u00e9, z\u00e1kladn\u00ed \u010di st\u0159edn\u00ed \u0161koly dnes nav\u0161t\u011bvuj\u00ed ji\u017e des\u00edtky tis\u00edc d\u011bt\u00ed \u010di \u017e\u00e1k\u016f se&nbsp;SVP. Jen z\u00e1kladn\u00edch \u0161kol je v \u010cR p\u0159es 4 000, mate\u0159sk\u00fdch \u0161kol je\u0161t\u011b v\u00edce. Nad\u00e1le v\u0161ak m\u00e1me i&nbsp;\u0161koly samostatn\u011b ur\u010den\u00e9 pro \u017e\u00e1ky se&nbsp;SVP, kter\u00fdch je v republice v\u00edce ne\u017e 300. \u017d\u00e1ci se&nbsp;SVP jsou v\u017edy a p\u0159edev\u0161\u00edm jedine\u010dn\u00e9 osobnosti s vlastn\u00edmi pot\u0159ebami, mo\u017enostmi a&nbsp;dovednostmi. St\u00e1le plat\u00ed, \u017ee a\u0165 u\u017e takov\u00e9 d\u00edt\u011b \u010di \u017e\u00e1k nav\u0161t\u011bvuje \u0161kolu b\u011b\u017enou, nebo speci\u00e1ln\u00ed, v\u017edy pot\u0159ebuje individu\u00e1ln\u00ed p\u0159\u00edstup a spr\u00e1vn\u00e9 nastaven\u00ed podp\u016frn\u00fdch opat\u0159en\u00ed. \u00dastav speci\u00e1ln\u011bpedagogick\u00fdch studi\u00ed Pedagogick\u00e9 fakulty Univerzity Palack\u00e9ho v&nbsp;Olomouci je nejv\u011bt\u0161\u00edm pracovi\u0161t\u011bm pregradu\u00e1ln\u00ed p\u0159\u00edpravy odborn\u00edk\u016f pro pr\u00e1ci se&nbsp;\u017e\u00e1ky z&nbsp;c\u00edlov\u00e9 skupiny v&nbsp;\u010cesk\u00e9&nbsp;republice. V posledn\u00edch 15&nbsp;letech jsme za&nbsp;podpory M\u0160MT \u010cR a&nbsp;prost\u0159edk\u016f Evropsk\u00e9ho soci\u00e1ln\u00edho fondu p\u0159ipravili v\u00edce ne\u017e 150&nbsp;konkr\u00e9tn\u00edch v\u00fdstup\u016f, kter\u00e9 v\u00e1m p\u0159i&nbsp;vzd\u011bl\u00e1v\u00e1n\u00ed \u017e\u00e1k\u016f se&nbsp;SVP mohou pomoci. Vytvo\u0159il je sehran\u00fd t\u00fdm odborn\u00edk\u016f specializuj\u00edc\u00edch se ve&nbsp;sv\u00e9 odborn\u00e9, praktick\u00e9 \u010di v\u00fdukov\u00e9 \u010dinnosti na&nbsp;jednotliv\u00e9 druhy zdravotn\u00edch posti\u017een\u00ed. N\u011bkter\u00e9 v\u00fdstupy jsou naprosto unik\u00e1tn\u00ed a v&nbsp;na\u0161\u00ed republice prvn\u00ed sv\u00e9ho druhu. Pova\u017eujeme za&nbsp;svou povinnost zp\u0159\u00edstupnit v\u00fdsledky na\u0161\u00ed mnohalet\u00e9 pr\u00e1ce v\u0161em z\u00e1jemc\u016fm z&nbsp;\u0159ad pedagog\u016f, speci\u00e1ln\u00edch pedagog\u016f, v\u00fdchovn\u00fdch poradc\u016f, odborn\u00fdch pracovn\u00edk\u016f SPC, PPP, ale i&nbsp;laick\u00e9<\/p>\n","protected":false},"author":1,"featured_media":0,"parent":0,"menu_order":0,"comment_status":"closed","ping_status":"closed","template":"","meta":{"footnotes":"","_links_to":"","_links_to_target":""},"class_list":["post-706","page","type-page","status-publish","hentry"],"_links":{"self":[{"href":"https:\/\/spolecnevzdelavani.upol.cz\/pdf-portal-vzdelavani\/wp-json\/wp\/v2\/pages\/706","targetHints":{"allow":["GET"]}}],"collection":[{"href":"https:\/\/spolecnevzdelavani.upol.cz\/pdf-portal-vzdelavani\/wp-json\/wp\/v2\/pages"}],"about":[{"href":"https:\/\/spolecnevzdelavani.upol.cz\/pdf-portal-vzdelavani\/wp-json\/wp\/v2\/types\/page"}],"author":[{"embeddable":true,"href":"https:\/\/spolecnevzdelavani.upol.cz\/pdf-portal-vzdelavani\/wp-json\/wp\/v2\/users\/1"}],"replies":[{"embeddable":true,"href":"https:\/\/spolecnevzdelavani.upol.cz\/pdf-portal-vzdelavani\/wp-json\/wp\/v2\/comments?post=706"}],"version-history":[{"count":18,"href":"https:\/\/spolecnevzdelavani.upol.cz\/pdf-portal-vzdelavani\/wp-json\/wp\/v2\/pages\/706\/revisions"}],"predecessor-version":[{"id":9255,"href":"https:\/\/spolecnevzdelavani.upol.cz\/pdf-portal-vzdelavani\/wp-json\/wp\/v2\/pages\/706\/revisions\/9255"}],"wp:attachment":[{"href":"https:\/\/spolecnevzdelavani.upol.cz\/pdf-portal-vzdelavani\/wp-json\/wp\/v2\/media?parent=706"}],"curies":[{"name":"wp","href":"https:\/\/api.w.org\/{rel}","templated":true}]}}